{"id":3071,"date":"2020-05-01T09:55:40","date_gmt":"2020-05-01T12:55:40","guid":{"rendered":"https:\/\/www.schulzsa.com\/?page_id=3071"},"modified":"2020-05-05T15:57:02","modified_gmt":"2020-05-05T18:57:02","slug":"contactenos","status":"publish","type":"page","link":"https:\/\/www.schulzsa.com\/es\/contactenos\/","title":{"rendered":"Cont\u00e1ctenos"},"content":{"rendered":"[mk_page_section bg_image=&#8221;https:\/\/www.schulzsa.com\/wp-content\/uploads\/2019\/04\/fale-conosco-bg.jpg&#8221; attachment=&#8221;fixed&#8221; bg_position=&#8221;center center&#8221; bg_repeat=&#8221;no-repeat&#8221; bg_stretch=&#8221;true&#8221; video_color_mask=&#8221;rgba(0,0,0,0.5)&#8221; video_opacity=&#8221;1&#8243; padding_top=&#8221;100&#8243; padding_bottom=&#8221;0&#8243; el_class=&#8221;fale-conosco texto-branco&#8221; sidebar=&#8221;sidebar-1&#8243;][vc_column css=&#8221;.vc_custom_1556218434390{margin-top: 0px !important;margin-right: 0px !important;margin-bottom: 0px !important;margin-left: 0px !important;padding-top: 0px !important;padding-right: 20px !important;padding-bottom: 0px !important;padding-left: 20px !important;}&#8221; offset=&#8221;vc_col-lg-6 vc_col-md-6&#8243;][vc_empty_space height=&#8221;50px&#8221; el_class=&#8221;divider-40-on-1024 divider-30-on-tiny&#8221;][vc_column_text disable_pattern=&#8221;false&#8221; css=&#8221;.vc_custom_1588337702297{margin-bottom: 0px !important;}&#8221;]\n<h1>Cont\u00e1ctenos<\/h1>\n[\/vc_column_text][mk_divider style=&#8221;thin_solid&#8221; divider_width=&#8221;custom_width&#8221; custom_width=&#8221;180&#8243; align=&#8221;left&#8221; thin_single_color=&#8221;#ffcb04&#8243; thickness=&#8221;2&#8243; margin_top=&#8221;0&#8243; margin_bottom=&#8221;30&#8243;][vc_raw_html]JTVCYnJlYWRjcnVtYiU1RA==[\/vc_raw_html][vc_column_text disable_pattern=&#8221;false&#8221; css=&#8221;.vc_custom_1588337722593{margin-bottom: 0px !important;}&#8221;]Seleccione el tema de acuerdo con su necesidad,<br \/>\nenv\u00ede un mensaje y espere nuestra respuesta<br \/>\nlo m\u00e1s breve posible.[\/vc_column_text][\/vc_column][vc_column css=&#8221;.vc_custom_1556218445319{margin-top: 0px !important;margin-right: 0px !important;margin-bottom: 0px !important;margin-left: 0px !important;padding-top: 0px !important;padding-right: 20px !important;padding-bottom: 0px !important;padding-left: 20px !important;}&#8221; offset=&#8221;vc_col-lg-6 vc_col-md-6&#8243;][vc_empty_space height=&#8221;50px&#8221; el_class=&#8221;divider-40-on-1024 divider-10-on-small&#8221;]\n                <div class='gf_browser_gecko gform_wrapper' id='gform_wrapper_6' style='display:none'><form method='post' enctype='multipart\/form-data' target='gform_ajax_frame_6' id='gform_6'  action='\/es\/wp-json\/wp\/v2\/pages\/3071'>\n                        <div class='gform_body'><ul id='gform_fields_6' class='gform_fields top_label form_sublabel_below description_below'><li id='field_6_3'  class='gfield radio-box gfield_contains_required field_sublabel_below field_description_below gfield_visibility_visible' ><label class='gfield_label'  >\u00bfCon qui\u00e9n desea comunicarse?*<span class='gfield_required'>*<\/span><\/label><div class='ginput_container ginput_container_radio'><ul class='gfield_radio' id='input_6_3'><li class='gchoice_6_3_0'><input name='input_3' type='radio' value='10'  id='choice_6_3_0'    \/><label for='choice_6_3_0' id='label_6_3_0'>Divisi\u00f3n Compresores<\/label><\/li><li class='gchoice_6_3_1'><input name='input_3' type='radio' value='20'  id='choice_6_3_1'    \/><label for='choice_6_3_1' id='label_6_3_1'>Divisi\u00f3n Automotriz<\/label><\/li><li class='gchoice_6_3_2'><input name='input_3' type='radio' value='30'  id='choice_6_3_2'    \/><label for='choice_6_3_2' id='label_6_3_2'>Divisi\u00f3n Corporativa<\/label><\/li><\/ul><\/div><\/li><li id='field_6_4'  class='gfield radio-box gfield_contains_required field_sublabel_below field_description_below gfield_visibility_visible' ><label class='gfield_label'  >Seleccione un area<span class='gfield_required'>*<\/span><\/label><div class='ginput_container ginput_container_radio'><ul class='gfield_radio' id='input_6_4'><li class='gchoice_6_4_0'><input name='input_4' type='radio' value='160'  id='choice_6_4_0'    \/><label for='choice_6_4_0' id='label_6_4_0'>OEM (Ensambladoras)<\/label><\/li><li class='gchoice_6_4_1'><input name='input_4' type='radio' value='170'  id='choice_6_4_1'    \/><label for='choice_6_4_1' id='label_6_4_1'>Aftermarket (Reemplazo)<\/label><\/li><li class='gchoice_6_4_2'><input name='input_4' type='radio' value='200'  id='choice_6_4_2'    \/><label for='choice_6_4_2' id='label_6_4_2'>Proveedores<\/label><\/li><li class='gchoice_6_4_3'><input name='input_4' type='radio' value='210'  id='choice_6_4_3'    \/><label for='choice_6_4_3' id='label_6_4_3'>Prensa<\/label><\/li><li class='gchoice_6_4_4'><input name='input_4' type='radio' value='220'  id='choice_6_4_4'    \/><label for='choice_6_4_4' id='label_6_4_4'>M\u00e1rketing<\/label><\/li><li class='gchoice_6_4_5'><input name='input_4' type='radio' value='230'  id='choice_6_4_5'    \/><label for='choice_6_4_5' id='label_6_4_5'>Meio Ambiente<\/label><\/li><li class='gchoice_6_4_6'><input name='input_4' type='radio' value='240'  id='choice_6_4_6'    \/><label for='choice_6_4_6' id='label_6_4_6'>Recursos Humanos<\/label><\/li><li class='gchoice_6_4_7'><input name='input_4' type='radio' value='150'  id='choice_6_4_7'    \/><label for='choice_6_4_7' id='label_6_4_7'>Canal de \u00c9tica<\/label><\/li><li class='gchoice_6_4_8'><input name='input_4' type='radio' value='280'  id='choice_6_4_8'    \/><label for='choice_6_4_8' id='label_6_4_8'>Otro<\/label><\/li><\/ul><\/div><\/li><li id='field_6_14'  class='gfield radio-box gfield_contains_required field_sublabel_below field_description_below gfield_visibility_visible' ><label class='gfield_label'  >Seleccione un area<span class='gfield_required'>*<\/span><\/label><div class='ginput_container ginput_container_radio'><ul class='gfield_radio' id='input_6_14'><li class='gchoice_6_14_0'><input name='input_14' type='radio' value='180'  id='choice_6_14_0'    \/><label for='choice_6_14_0' id='label_6_14_0'>Comercial<\/label><\/li><li class='gchoice_6_14_1'><input name='input_14' type='radio' value='270'  id='choice_6_14_1'    \/><label for='choice_6_14_1' id='label_6_14_1'>Exportaci\u00f3n<\/label><\/li><li class='gchoice_6_14_2'><input name='input_14' type='radio' value='220'  id='choice_6_14_2'    \/><label for='choice_6_14_2' id='label_6_14_2'>M\u00e1rketing<\/label><\/li><li class='gchoice_6_14_3'><input name='input_14' type='radio' value='200'  id='choice_6_14_3'    \/><label for='choice_6_14_3' id='label_6_14_3'>Proveedores<\/label><\/li><li class='gchoice_6_14_4'><input name='input_14' type='radio' value='210'  id='choice_6_14_4'    \/><label for='choice_6_14_4' id='label_6_14_4'>Prensa<\/label><\/li><li class='gchoice_6_14_5'><input name='input_14' type='radio' value='230'  id='choice_6_14_5'    \/><label for='choice_6_14_5' id='label_6_14_5'>Meio Ambiente<\/label><\/li><li class='gchoice_6_14_6'><input name='input_14' type='radio' value='240'  id='choice_6_14_6'    \/><label for='choice_6_14_6' id='label_6_14_6'>Recursos Humanos<\/label><\/li><li class='gchoice_6_14_7'><input name='input_14' type='radio' value='250'  id='choice_6_14_7'    \/><label for='choice_6_14_7' id='label_6_14_7'>Servicio de Asistencia al Consumidor (SAC)<\/label><\/li><li class='gchoice_6_14_8'><input name='input_14' type='radio' value='150'  id='choice_6_14_8'    \/><label for='choice_6_14_8' id='label_6_14_8'>Canal de \u00c9tica<\/label><\/li><li class='gchoice_6_14_9'><input name='input_14' type='radio' value='280'  id='choice_6_14_9'    \/><label for='choice_6_14_9' id='label_6_14_9'>Otro<\/label><\/li><\/ul><\/div><\/li><li id='field_6_16'  class='gfield radio-box gfield_contains_required field_sublabel_below field_description_below gfield_visibility_visible' ><label class='gfield_label'  >Seleccione un area<span class='gfield_required'>*<\/span><\/label><div class='ginput_container ginput_container_radio'><ul class='gfield_radio' id='input_6_16'><li class='gchoice_6_16_0'><input name='input_16' type='radio' value='240'  id='choice_6_16_0'    \/><label for='choice_6_16_0' id='label_6_16_0'>Recursos Humanos<\/label><\/li><li class='gchoice_6_16_1'><input name='input_16' type='radio' value='260'  id='choice_6_16_1'    \/><label for='choice_6_16_1' id='label_6_16_1'>Tecnolog\u00eda de la informaci\u00f3n y la comunicaci\u00f3n<\/label><\/li><li class='gchoice_6_16_2'><input name='input_16' type='radio' value='190'  id='choice_6_16_2'    \/><label for='choice_6_16_2' id='label_6_16_2'>Finanzas<\/label><\/li><li class='gchoice_6_16_3'><input name='input_16' type='radio' value='210'  id='choice_6_16_3'    \/><label for='choice_6_16_3' id='label_6_16_3'>Prensa<\/label><\/li><li class='gchoice_6_16_4'><input name='input_16' type='radio' value='150'  id='choice_6_16_4'    \/><label for='choice_6_16_4' id='label_6_16_4'>Canal de \u00c9tica<\/label><\/li><li class='gchoice_6_16_5'><input name='input_16' type='radio' value='280'  id='choice_6_16_5'    \/><label for='choice_6_16_5' id='label_6_16_5'>Otro<\/label><\/li><\/ul><\/div><\/li><li id='field_6_5'  class='gfield radio-box gfield_contains_required field_sublabel_below field_description_below gfield_visibility_visible' ><label class='gfield_label'  >Tipo del mensaje*<span class='gfield_required'>*<\/span><\/label><div class='ginput_container ginput_container_radio'><ul class='gfield_radio' id='input_6_5'><li class='gchoice_6_5_0'><input name='input_5' type='radio' value='10'  id='choice_6_5_0'    \/><label for='choice_6_5_0' id='label_6_5_0'>Duda, sugerencia o elogio<\/label><\/li><li class='gchoice_6_5_1'><input name='input_5' type='radio' value='20'  id='choice_6_5_1'    \/><label for='choice_6_5_1' id='label_6_5_1'>Reclamo<\/label><\/li><\/ul><\/div><\/li><li id='field_6_1'  class='gfield gfield_contains_required field_sublabel_below field_description_below hidden_label gfield_visibility_visible' ><label class='gfield_label' for='input_6_1' >Nombre completo<span class='gfield_required'>*<\/span><\/label><div class='ginput_container ginput_container_text'><input name='input_1' id='input_6_1' type='text' value='' class='large'    placeholder='Nombre completo' aria-required=\"true\" aria-invalid=\"false\" \/><\/div><\/li><li id='field_6_6'  class='gfield telefone gfield_contains_required field_sublabel_below field_description_below hidden_label gfield_visibility_visible' ><label class='gfield_label' for='input_6_6' >Correo electr\u00f3nico<span class='gfield_required'>*<\/span><\/label><div class='ginput_container ginput_container_email'>\n                            <input name='input_6' id='input_6_6' type='text' value='' class='large'   placeholder='Correo electr\u00f3nico' aria-required=\"true\" aria-invalid=\"false\" \/>\n                        <\/div><\/li><li id='field_6_7'  class='gfield telefone gfield_contains_required field_sublabel_below field_description_below hidden_label gfield_visibility_visible' ><label class='gfield_label' for='input_6_7' >Tel\u00e9fono<span class='gfield_required'>*<\/span><\/label><div class='ginput_container ginput_container_text'><input name='input_7' id='input_6_7' type='text' value='' class='large'    placeholder='Tel\u00e9fono' aria-required=\"true\" aria-invalid=\"false\" \/><\/div><\/li><li id='field_6_13'  class='gfield gfield_contains_required field_sublabel_below field_description_below hidden_label gfield_visibility_visible' ><label class='gfield_label' for='input_6_13' >Mensaje<span class='gfield_required'>*<\/span><\/label><div class='ginput_container ginput_container_textarea'><textarea name='input_13' id='input_6_13' class='textarea large'    placeholder='Mensaje' aria-required=\"true\" aria-invalid=\"false\"   rows='10' cols='50'><\/textarea><\/div><\/li><li id='field_6_17'  class='gfield field_sublabel_below field_description_below gfield_visibility_visible' ><label class='gfield_label' for='input_6_17' ><\/label><div id='input_6_17' class='ginput_container ginput_recaptcha' data-sitekey='6Lek2M0bAAAAAPuFora7TFQxJeZMsd5EXQT1AhNJ'  data-theme='light' data-tabindex='0'  data-badge=''><\/div><\/li>\n                            <\/ul><\/div>\n        <div class='gform_footer top_label'> <input type='submit' id='gform_submit_button_6' class='gform_button button' value='Enviar'  onclick='if(window[\"gf_submitting_6\"]){return false;}  window[\"gf_submitting_6\"]=true;  ' onkeypress='if( event.keyCode == 13 ){ if(window[\"gf_submitting_6\"]){return false;} window[\"gf_submitting_6\"]=true;  jQuery(\"#gform_6\").trigger(\"submit\",[true]); }' \/> <input type='hidden' name='gform_ajax' value='form_id=6&amp;title=&amp;description=&amp;tabindex=0' \/>\n            <input type='hidden' class='gform_hidden' name='is_submit_6' value='1' \/>\n            <input type='hidden' class='gform_hidden' name='gform_submit' value='6' \/>\n            \n            <input type='hidden' class='gform_hidden' name='gform_unique_id' value='' \/>\n            <input type='hidden' class='gform_hidden' name='state_6' value='WyJbXSIsIjAzNDQ1NzczZWI3OTZlODljNjJjYTg1OWMxMzk5ZjBmIl0=' \/>\n            <input type='hidden' class='gform_hidden' name='gform_target_page_number_6' id='gform_target_page_number_6' value='0' \/>\n            <input type='hidden' class='gform_hidden' name='gform_source_page_number_6' id='gform_source_page_number_6' value='1' \/>\n            <input type='hidden' name='gform_field_values' value='' \/>\n            \n        <\/div>\n                        <\/form>\n                        <\/div>\n                <iframe style='display:none;width:0px;height:0px;' src='about:blank' name='gform_ajax_frame_6' id='gform_ajax_frame_6' title='Este iframe contiene la l\u00f3gica necesaria para gestionar formularios con ajax activado.'><\/iframe>\n                <script type='text\/javascript'>jQuery(document).ready(function($){gformInitSpinner( 6, 'https:\/\/www.schulzsa.com\/wp-content\/plugins\/gravityforms\/images\/spinner.gif' );jQuery('#gform_ajax_frame_6').on('load',function(){var contents = jQuery(this).contents().find('*').html();var is_postback = contents.indexOf('GF_AJAX_POSTBACK') >= 0;if(!is_postback){return;}var form_content = jQuery(this).contents().find('#gform_wrapper_6');var is_confirmation = jQuery(this).contents().find('#gform_confirmation_wrapper_6').length > 0;var is_redirect = contents.indexOf('gformRedirect(){') >= 0;var is_form = form_content.length > 0 && ! is_redirect && ! is_confirmation;var mt = parseInt(jQuery('html').css('margin-top'), 10) + parseInt(jQuery('body').css('margin-top'), 10) + 100;if(is_form){jQuery('#gform_wrapper_6').html(form_content.html());if(form_content.hasClass('gform_validation_error')){jQuery('#gform_wrapper_6').addClass('gform_validation_error');} else {jQuery('#gform_wrapper_6').removeClass('gform_validation_error');}setTimeout( function() { \/* delay the scroll by 50 milliseconds to fix a bug in chrome *\/  }, 50 );if(window['gformInitDatepicker']) {gformInitDatepicker();}if(window['gformInitPriceFields']) {gformInitPriceFields();}var current_page = jQuery('#gform_source_page_number_6').val();gformInitSpinner( 6, 'https:\/\/www.schulzsa.com\/wp-content\/plugins\/gravityforms\/images\/spinner.gif' );jQuery(document).trigger('gform_page_loaded', [6, current_page]);window['gf_submitting_6'] = false;}else if(!is_redirect){var confirmation_content = jQuery(this).contents().find('.GF_AJAX_POSTBACK').html();if(!confirmation_content){confirmation_content = contents;}setTimeout(function(){jQuery('#gform_wrapper_6').replaceWith(confirmation_content);jQuery(document).trigger('gform_confirmation_loaded', [6]);window['gf_submitting_6'] = false;}, 50);}else{jQuery('#gform_6').append(contents);if(window['gformRedirect']) {gformRedirect();}}jQuery(document).trigger('gform_post_render', [6, current_page]);} );} );<\/script><script type='text\/javascript'> jQuery(document).bind('gform_post_render', function(event, formId, currentPage){if(formId == 6) {gf_global[\"number_formats\"][6] = {\"3\":{\"price\":false,\"value\":false},\"4\":{\"price\":false,\"value\":false},\"14\":{\"price\":false,\"value\":false},\"16\":{\"price\":false,\"value\":false},\"5\":{\"price\":false,\"value\":false},\"1\":{\"price\":false,\"value\":false},\"6\":{\"price\":false,\"value\":false},\"7\":{\"price\":false,\"value\":false},\"13\":{\"price\":false,\"value\":false},\"17\":{\"price\":false,\"value\":false}};if(window['jQuery']){if(!window['gf_form_conditional_logic'])window['gf_form_conditional_logic'] = new Array();window['gf_form_conditional_logic'][6] = { logic: { 4: {\"field\":{\"actionType\":\"show\",\"logicType\":\"all\",\"rules\":[{\"fieldId\":\"3\",\"operator\":\"is\",\"value\":\"20\"}]},\"nextButton\":null,\"section\":null},14: {\"field\":{\"actionType\":\"show\",\"logicType\":\"all\",\"rules\":[{\"fieldId\":\"3\",\"operator\":\"is\",\"value\":\"10\"}]},\"nextButton\":null,\"section\":null},16: {\"field\":{\"actionType\":\"show\",\"logicType\":\"all\",\"rules\":[{\"fieldId\":\"3\",\"operator\":\"is\",\"value\":\"30\"}]},\"nextButton\":null,\"section\":null} }, dependents: { 4: [4],14: [14],16: [16] }, animation: 0, defaults: [], fields: {\"3\":[4,14,16],\"4\":[],\"14\":[],\"16\":[],\"5\":[],\"1\":[],\"6\":[],\"7\":[],\"13\":[],\"17\":[]} }; if(!window['gf_number_format'])window['gf_number_format'] = 'decimal_comma';jQuery(document).ready(function(){gf_apply_rules(6, [4,14,16], true);jQuery('#gform_wrapper_6').show();jQuery(document).trigger('gform_post_conditional_logic', [6, null, true]);} );} jQuery('#input_6_7').mask('(99) 99999999?9').bind('keypress', function(e){if(e.which == 13){jQuery(this).blur();} } );if(typeof Placeholders != 'undefined'){\n                        Placeholders.enable();\n                    }} } );jQuery(document).bind('gform_post_conditional_logic', function(event, formId, fields, isInit){} );<\/script><script type='text\/javascript'> jQuery(document).ready(function(){jQuery(document).trigger('gform_post_render', [6, 1]) } ); <\/script>[vc_empty_space height=&#8221;80px&#8221;][\/vc_column][\/mk_page_section]\n","protected":false},"excerpt":{"rendered":"<p>[mk_page_section bg_image=&#8221;https:\/\/www.schulzsa.com\/wp-content\/uploads\/2019\/04\/fale-conosco-bg.jpg&#8221; attachment=&#8221;fixed&#8221; bg_position=&#8221;center center&#8221; bg_repeat=&#8221;no-repeat&#8221; bg_stretch=&#8221;true&#8221; video_color_mask=&#8221;rgba(0,0,0,0.5)&#8221; video_opacity=&#8221;1&#8243; padding_top=&#8221;100&#8243; padding_bottom=&#8221;0&#8243; el_class=&#8221;fale-conosco texto-branco&#8221; sidebar=&#8221;sidebar-1&#8243;][vc_column css=&#8221;.vc_custom_1556218434390{margin-top: 0px !important;margin-right: 0px !important;margin-bottom: 0px !important;margin-left: 0px !important;padding-top: 0px !important;padding-right: 20px !important;padding-bottom: 0px !important;padding-left: 20px !important;}&#8221; offset=&#8221;vc_col-lg-6 vc_col-md-6&#8243;][vc_empty_space height=&#8221;50px&#8221; el_class=&#8221;divider-40-on-1024 divider-30-on-tiny&#8221;][vc_column_text disable_pattern=&#8221;false&#8221; css=&#8221;.vc_custom_1588337702297{margin-bottom: 0px !important;}&#8221;] Cont\u00e1ctenos [\/vc_column_text][mk_divider style=&#8221;thin_solid&#8221; divider_width=&#8221;custom_width&#8221; custom_width=&#8221;180&#8243; align=&#8221;left&#8221; thin_single_color=&#8221;#ffcb04&#8243; thickness=&#8221;2&#8243; margin_top=&#8221;0&#8243; margin_bottom=&#8221;30&#8243;][vc_raw_html]JTVCYnJlYWRjcnVtYiU1RA==[\/vc_raw_html][vc_column_text disable_pattern=&#8221;false&#8221; css=&#8221;.vc_custom_1588337722593{margin-bottom: 0px !important;}&#8221;]Seleccione el [&hellip;]<\/p>\n","protected":false},"author":7,"featured_media":0,"parent":0,"menu_order":9,"comment_status":"closed","ping_status":"closed","template":"","meta":[],"_links":{"self":[{"href":"https:\/\/www.schulzsa.com\/es\/wp-json\/wp\/v2\/pages\/3071"}],"collection":[{"href":"https:\/\/www.schulzsa.com\/es\/wp-json\/wp\/v2\/pages"}],"about":[{"href":"https:\/\/www.schulzsa.com\/es\/wp-json\/wp\/v2\/types\/page"}],"author":[{"embeddable":true,"href":"https:\/\/www.schulzsa.com\/es\/wp-json\/wp\/v2\/users\/7"}],"replies":[{"embeddable":true,"href":"https:\/\/www.schulzsa.com\/es\/wp-json\/wp\/v2\/comments?post=3071"}],"version-history":[{"count":3,"href":"https:\/\/www.schulzsa.com\/es\/wp-json\/wp\/v2\/pages\/3071\/revisions"}],"predecessor-version":[{"id":3337,"href":"https:\/\/www.schulzsa.com\/es\/wp-json\/wp\/v2\/pages\/3071\/revisions\/3337"}],"wp:attachment":[{"href":"https:\/\/www.schulzsa.com\/es\/wp-json\/wp\/v2\/media?parent=3071"}],"curies":[{"name":"wp","href":"https:\/\/api.w.org\/{rel}","templated":true}]}}