{"id":3098,"date":"2020-05-03T23:06:05","date_gmt":"2020-05-04T02:06:05","guid":{"rendered":"https:\/\/www.schulzsa.com\/?page_id=3098"},"modified":"2020-05-13T10:29:48","modified_gmt":"2020-05-13T13:29:48","slug":"linea-del-tiempo-1990","status":"publish","type":"page","link":"https:\/\/www.schulzsa.com\/es\/historia-de-schulz\/linea-del-tiempo-1990\/","title":{"rendered":"L\u00ednea del tiempo &#8211; 1990"},"content":{"rendered":"[mk_page_section attachment=&#8221;fixed&#8221; bg_position=&#8221;center center&#8221; bg_repeat=&#8221;no-repeat&#8221; bg_stretch=&#8221;true&#8221; video_color_mask=&#8221;#000000&#8243; video_opacity=&#8221;0.2&#8243; padding_top=&#8221;100&#8243; padding_bottom=&#8221;0&#8243; sidebar=&#8221;sidebar-1&#8243;][vc_column css=&#8221;.vc_custom_1542029116897{margin-top: 0px !important;margin-right: 0px !important;margin-bottom: 0px !important;margin-left: 0px !important;padding-top: 0px !important;padding-right: 20px !important;padding-bottom: 0px !important;padding-left: 20px !important;}&#8221;][vc_empty_space height=&#8221;50px&#8221;][vc_column_text disable_pattern=&#8221;false&#8221; el_class=&#8221;texto-branco&#8221; css=&#8221;.vc_custom_1588557873563{margin-bottom: 0px !important;}&#8221;]\n<h1>L\u00ednea del tiempo<\/h1>\n[\/vc_column_text][mk_divider style=&#8221;thin_solid&#8221; divider_width=&#8221;custom_width&#8221; custom_width=&#8221;180&#8243; align=&#8221;left&#8221; thin_single_color=&#8221;#ffcb04&#8243; thickness=&#8221;2&#8243; margin_top=&#8221;0&#8243; margin_bottom=&#8221;30&#8243;][vc_raw_html]JTVCYnJlYWRjcnVtYiU1RA==[\/vc_raw_html][vc_empty_space height=&#8221;35px&#8221;][\/vc_column][\/mk_page_section][vc_row id=&#8221;1999&#8243; el_class=&#8221;linha-do-tempo&#8221;][vc_column css=&#8221;.vc_custom_1547664835438{margin-top: 0px !important;margin-right: 0px !important;margin-bottom: 0px !important;margin-left: 0px !important;padding-top: 0px !important;padding-right: 0px !important;padding-bottom: 0px !important;padding-left: 0px !important;}&#8221; el_class=&#8221;coluna-ano&#8221;][vc_empty_space height=&#8221;50px&#8221; css=&#8221;.vc_custom_1547667654703{margin-top: 0px !important;margin-bottom: 0px !important;padding-top: 0px !important;padding-bottom: 0px !important;}&#8221;][vc_column_text disable_pattern=&#8221;false&#8221; el_class=&#8221;sublinhado-alinhado-a-esquerda&#8221; css=&#8221;.vc_custom_1554411231981{margin-bottom: 0px !important;}&#8221;]\n<h2>1999<\/h2>\n[\/vc_column_text][vc_column_text disable_pattern=&#8221;false&#8221; el_class=&#8221;texto-branco&#8221; css=&#8221;.vc_custom_1588557890879{margin-bottom: 0px !important;}&#8221;]Inauguraci\u00f3n de Schulz of America Inc. en Atlanta, Estados Unidos.[\/vc_column_text][vc_empty_space height=&#8221;50px&#8221; css=&#8221;.vc_custom_1547667654703{margin-top: 0px !important;margin-bottom: 0px !important;padding-top: 0px !important;padding-bottom: 0px !important;}&#8221;][\/vc_column][\/vc_row][vc_row id=&#8221;1994&#8243; el_class=&#8221;linha-do-tempo&#8221;][vc_column css=&#8221;.vc_custom_1547664827924{margin-top: 0px !important;margin-right: 0px !important;margin-bottom: 0px !important;margin-left: 0px !important;padding-top: 0px !important;padding-right: 0px !important;padding-bottom: 0px !important;padding-left: 0px !important;}&#8221; el_class=&#8221;coluna-ano&#8221;][vc_empty_space height=&#8221;50px&#8221; css=&#8221;.vc_custom_1547667654703{margin-top: 0px !important;margin-bottom: 0px !important;padding-top: 0px !important;padding-bottom: 0px !important;}&#8221;][vc_column_text disable_pattern=&#8221;false&#8221; el_class=&#8221;sublinhado-alinhado-a-esquerda&#8221; css=&#8221;.vc_custom_1554411238538{margin-bottom: 0px !important;}&#8221;]\n<h2>1994<\/h2>\n[\/vc_column_text][vc_row_inner css=&#8221;.vc_custom_1549991123723{margin-top: 0px !important;margin-right: 0px !important;margin-bottom: 0px !important;margin-left: 0px !important;padding-top: 0px !important;padding-right: 0px !important;padding-bottom: 0px !important;padding-left: 0px !important;}&#8221;][vc_column_inner width=&#8221;1\/2&#8243; css=&#8221;.vc_custom_1551450903576{margin-top: 0px !important;margin-right: 0px !important;margin-bottom: 0px !important;margin-left: 0px !important;padding-top: 0px !important;padding-right: 5px !important;padding-bottom: 0px !important;padding-left: 0px !important;}&#8221;][mk_image src=&#8221;https:\/\/www.schulzsa.com\/wp-content\/uploads\/2019\/03\/decada-1990-fabrica-schulz.jpg&#8221; image_size=&#8221;full&#8221; lightbox=&#8221;true&#8221;][\/vc_column_inner][vc_column_inner width=&#8221;1\/2&#8243; css=&#8221;.vc_custom_1551457033948{margin-top: 0px !important;margin-right: 0px !important;margin-bottom: 0px !important;margin-left: 0px !important;padding-top: 0px !important;padding-right: 5px !important;padding-bottom: 0px !important;padding-left: 10px !important;}&#8221;][vc_column_text disable_pattern=&#8221;false&#8221; el_class=&#8221;texto-branco&#8221; css=&#8221;.vc_custom_1588557908173{margin-bottom: 0px !important;}&#8221;]\n<h4>Acontecimiento del 1\u00ba mill\u00f3n de compresores<\/h4>\n[\/vc_column_text][vc_column_text disable_pattern=&#8221;false&#8221; el_class=&#8221;texto-branco&#8221; css=&#8221;.vc_custom_1588557917466{margin-bottom: 0px !important;}&#8221;]Apertura de capital y acontecimiento del primer mill\u00f3n de compresores al adquirir el derecho de las marcas Wayne \/ Wetzel.[\/vc_column_text][\/vc_column_inner][\/vc_row_inner][vc_empty_space height=&#8221;50px&#8221; css=&#8221;.vc_custom_1547667654703{margin-top: 0px !important;margin-bottom: 0px !important;padding-top: 0px !important;padding-bottom: 0px !important;}&#8221;][\/vc_column][\/vc_row][vc_row id=&#8221;1993&#8243; el_class=&#8221;linha-do-tempo&#8221;][vc_column css=&#8221;.vc_custom_1547664815898{margin-top: 0px !important;margin-right: 0px !important;margin-bottom: 0px !important;margin-left: 0px !important;padding-top: 0px !important;padding-right: 0px !important;padding-bottom: 0px !important;padding-left: 0px !important;}&#8221; el_class=&#8221;coluna-ano&#8221;][vc_empty_space height=&#8221;50px&#8221; css=&#8221;.vc_custom_1547667654703{margin-top: 0px !important;margin-bottom: 0px !important;padding-top: 0px !important;padding-bottom: 0px !important;}&#8221;][vc_column_text disable_pattern=&#8221;false&#8221; el_class=&#8221;sublinhado-alinhado-a-esquerda&#8221; css=&#8221;.vc_custom_1554411245310{margin-bottom: 0px !important;}&#8221;]\n<h2>1993<\/h2>\n[\/vc_column_text][vc_column_text disable_pattern=&#8221;false&#8221; el_class=&#8221;texto-branco&#8221; css=&#8221;.vc_custom_1588557931019{margin-bottom: 0px !important;}&#8221;]Inicio de los servicios de mecanizado en la Automotiva.[\/vc_column_text][vc_empty_space height=&#8221;50px&#8221; css=&#8221;.vc_custom_1547667654703{margin-top: 0px !important;margin-bottom: 0px !important;padding-top: 0px !important;padding-bottom: 0px !important;}&#8221;][\/vc_column][\/vc_row][vc_row id=&#8221;1991&#8243; el_class=&#8221;linha-do-tempo&#8221;][vc_column css=&#8221;.vc_custom_1547664812395{margin-top: 0px !important;margin-right: 0px !important;margin-bottom: 0px !important;margin-left: 0px !important;padding-top: 0px !important;padding-right: 0px !important;padding-bottom: 0px !important;padding-left: 0px !important;}&#8221; el_class=&#8221;coluna-ano&#8221;][vc_empty_space height=&#8221;50px&#8221; css=&#8221;.vc_custom_1547667654703{margin-top: 0px !important;margin-bottom: 0px !important;padding-top: 0px !important;padding-bottom: 0px !important;}&#8221;][vc_column_text disable_pattern=&#8221;false&#8221; el_class=&#8221;sublinhado-alinhado-a-esquerda&#8221; css=&#8221;.vc_custom_1554411252050{margin-bottom: 0px !important;}&#8221;]\n<h2>1991<\/h2>\n[\/vc_column_text][vc_row_inner css=&#8221;.vc_custom_1549991123723{margin-top: 0px !important;margin-right: 0px !important;margin-bottom: 0px !important;margin-left: 0px !important;padding-top: 0px !important;padding-right: 0px !important;padding-bottom: 0px !important;padding-left: 0px !important;}&#8221;][vc_column_inner width=&#8221;1\/2&#8243; css=&#8221;.vc_custom_1551450903576{margin-top: 0px !important;margin-right: 0px !important;margin-bottom: 0px !important;margin-left: 0px !important;padding-top: 0px !important;padding-right: 5px !important;padding-bottom: 0px !important;padding-left: 0px !important;}&#8221;][mk_image src=&#8221;https:\/\/www.schulzsa.com\/wp-content\/uploads\/2019\/03\/decada-1900-catalogo-parafuso-serie-1000.jpg&#8221; image_size=&#8221;full&#8221; lightbox=&#8221;true&#8221;][\/vc_column_inner][vc_column_inner width=&#8221;1\/2&#8243; css=&#8221;.vc_custom_1551452577212{margin-top: 0px !important;margin-right: 0px !important;margin-bottom: 0px !important;margin-left: 0px !important;padding-top: 0px !important;padding-right: 5px !important;padding-bottom: 0px !important;padding-left: 10px !important;}&#8221;][vc_column_text disable_pattern=&#8221;false&#8221; el_class=&#8221;texto-branco&#8221; css=&#8221;.vc_custom_1588557943254{margin-bottom: 0px !important;}&#8221;]\n<h4>Inicio de la fabricaci\u00f3n de compresores rotativos<\/h4>\n[\/vc_column_text][vc_column_text disable_pattern=&#8221;false&#8221; el_class=&#8221;texto-branco&#8221; css=&#8221;.vc_custom_1588557954341{margin-bottom: 0px !important;}&#8221;]Primera empresa brasile\u00f1a a fabricar compresores rotativos de tornillo, siendo la \u00fanica empresa genuinamente brasile\u00f1a a producir ese producto.[\/vc_column_text][\/vc_column_inner][\/vc_row_inner][vc_empty_space height=&#8221;50px&#8221; css=&#8221;.vc_custom_1547667654703{margin-top: 0px !important;margin-bottom: 0px !important;padding-top: 0px !important;padding-bottom: 0px !important;}&#8221;][\/vc_column][\/vc_row][vc_row id=&#8221;1991&#8243; el_class=&#8221;linha-do-tempo&#8221;][vc_column css=&#8221;.vc_custom_1547664812395{margin-top: 0px !important;margin-right: 0px !important;margin-bottom: 0px !important;margin-left: 0px !important;padding-top: 0px !important;padding-right: 0px !important;padding-bottom: 0px !important;padding-left: 0px !important;}&#8221; el_class=&#8221;coluna-ano&#8221;][vc_empty_space height=&#8221;50px&#8221; css=&#8221;.vc_custom_1547667654703{margin-top: 0px !important;margin-bottom: 0px !important;padding-top: 0px !important;padding-bottom: 0px !important;}&#8221;][\/vc_column][\/vc_row]\n","protected":false},"excerpt":{"rendered":"<p>[mk_page_section attachment=&#8221;fixed&#8221; bg_position=&#8221;center center&#8221; bg_repeat=&#8221;no-repeat&#8221; bg_stretch=&#8221;true&#8221; video_color_mask=&#8221;#000000&#8243; video_opacity=&#8221;0.2&#8243; padding_top=&#8221;100&#8243; padding_bottom=&#8221;0&#8243; sidebar=&#8221;sidebar-1&#8243;][vc_column css=&#8221;.vc_custom_1542029116897{margin-top: 0px !important;margin-right: 0px !important;margin-bottom: 0px !important;margin-left: 0px !important;padding-top: 0px !important;padding-right: 20px !important;padding-bottom: 0px !important;padding-left: 20px !important;}&#8221;][vc_empty_space height=&#8221;50px&#8221;][vc_column_text disable_pattern=&#8221;false&#8221; el_class=&#8221;texto-branco&#8221; css=&#8221;.vc_custom_1588557873563{margin-bottom: 0px !important;}&#8221;] L\u00ednea del tiempo [\/vc_column_text][mk_divider style=&#8221;thin_solid&#8221; divider_width=&#8221;custom_width&#8221; custom_width=&#8221;180&#8243; align=&#8221;left&#8221; thin_single_color=&#8221;#ffcb04&#8243; thickness=&#8221;2&#8243; margin_top=&#8221;0&#8243; margin_bottom=&#8221;30&#8243;][vc_raw_html]JTVCYnJlYWRjcnVtYiU1RA==[\/vc_raw_html][vc_empty_space height=&#8221;35px&#8221;][\/vc_column][\/mk_page_section][vc_row id=&#8221;1999&#8243; el_class=&#8221;linha-do-tempo&#8221;][vc_column css=&#8221;.vc_custom_1547664835438{margin-top: 0px !important;margin-right: 0px !important;margin-bottom: 0px [&hellip;]<\/p>\n","protected":false},"author":7,"featured_media":0,"parent":3090,"menu_order":2,"comment_status":"closed","ping_status":"closed","template":"","meta":[],"_links":{"self":[{"href":"https:\/\/www.schulzsa.com\/es\/wp-json\/wp\/v2\/pages\/3098"}],"collection":[{"href":"https:\/\/www.schulzsa.com\/es\/wp-json\/wp\/v2\/pages"}],"about":[{"href":"https:\/\/www.schulzsa.com\/es\/wp-json\/wp\/v2\/types\/page"}],"author":[{"embeddable":true,"href":"https:\/\/www.schulzsa.com\/es\/wp-json\/wp\/v2\/users\/7"}],"replies":[{"embeddable":true,"href":"https:\/\/www.schulzsa.com\/es\/wp-json\/wp\/v2\/comments?post=3098"}],"version-history":[{"count":1,"href":"https:\/\/www.schulzsa.com\/es\/wp-json\/wp\/v2\/pages\/3098\/revisions"}],"predecessor-version":[{"id":3099,"href":"https:\/\/www.schulzsa.com\/es\/wp-json\/wp\/v2\/pages\/3098\/revisions\/3099"}],"up":[{"embeddable":true,"href":"https:\/\/www.schulzsa.com\/es\/wp-json\/wp\/v2\/pages\/3090"}],"wp:attachment":[{"href":"https:\/\/www.schulzsa.com\/es\/wp-json\/wp\/v2\/media?parent=3098"}],"curies":[{"name":"wp","href":"https:\/\/api.w.org\/{rel}","templated":true}]}}