{"id":3655,"date":"2020-07-20T15:39:17","date_gmt":"2020-07-20T18:39:17","guid":{"rendered":"https:\/\/www.schulzsa.com\/?page_id=3655"},"modified":"2020-07-20T15:39:17","modified_gmt":"2020-07-20T18:39:17","slug":"linea-del-tiempo-2020","status":"publish","type":"page","link":"https:\/\/www.schulzsa.com\/es\/historia-de-schulz\/linea-del-tiempo-2020\/","title":{"rendered":"L\u00ednea del tiempo &#8211; 2020"},"content":{"rendered":"[mk_page_section attachment=&#8221;fixed&#8221; bg_position=&#8221;center center&#8221; bg_repeat=&#8221;no-repeat&#8221; bg_stretch=&#8221;true&#8221; video_color_mask=&#8221;#000000&#8243; video_opacity=&#8221;0.2&#8243; padding_top=&#8221;100&#8243; padding_bottom=&#8221;0&#8243; sidebar=&#8221;sidebar-1&#8243;][vc_column css=&#8221;.vc_custom_1542029116897{margin-top: 0px !important;margin-right: 0px !important;margin-bottom: 0px !important;margin-left: 0px !important;padding-top: 0px !important;padding-right: 20px !important;padding-bottom: 0px !important;padding-left: 20px !important;}&#8221;][vc_empty_space height=&#8221;50px&#8221;][vc_column_text disable_pattern=&#8221;false&#8221; el_class=&#8221;texto-branco&#8221; css=&#8221;.vc_custom_1588558248077{margin-bottom: 0px !important;}&#8221;]\n<h1>L\u00ednea del tiempo<\/h1>\n[\/vc_column_text][mk_divider style=&#8221;thin_solid&#8221; divider_width=&#8221;custom_width&#8221; custom_width=&#8221;180&#8243; align=&#8221;left&#8221; thin_single_color=&#8221;#ffcb04&#8243; thickness=&#8221;2&#8243; margin_top=&#8221;0&#8243; margin_bottom=&#8221;30&#8243;][vc_raw_html]JTVCYnJlYWRjcnVtYiU1RA==[\/vc_raw_html][vc_empty_space height=&#8221;35px&#8221;][\/vc_column][\/mk_page_section][vc_row el_class=&#8221;linha-do-tempo&#8221; css=&#8221;.vc_custom_1552409247700{margin-right: 0px !important;}&#8221;][vc_column css=&#8221;.vc_custom_1578582187392{margin-top: 0px !important;margin-right: 0px !important;margin-bottom: 0px !important;padding-top: 0px !important;padding-right: 0px !important;padding-bottom: 0px !important;padding-left: 0px !important;}&#8221; el_class=&#8221;coluna-ano&#8221;][vc_empty_space height=&#8221;50px&#8221; css=&#8221;.vc_custom_1547667654703{margin-top: 0px !important;margin-bottom: 0px !important;padding-top: 0px !important;padding-bottom: 0px !important;}&#8221;][vc_column_text disable_pattern=&#8221;false&#8221; el_class=&#8221;sublinhado-alinhado-a-esquerda&#8221; css=&#8221;.vc_custom_1595270324588{margin-bottom: 0px !important;}&#8221;]\n<h2>2020<\/h2>\n[\/vc_column_text][vc_column_text disable_pattern=&#8221;false&#8221; el_class=&#8221;texto-branco&#8221; css=&#8221;.vc_custom_1595270344009{margin-bottom: 0px !important;}&#8221;]Construcci\u00f3n de su propia sede en Acworth, con 3.500 m\u00b2, con amplia \u00e1rea de almacenamiento para productos, l\u00ednea de montaje para productos especiales, as\u00ed como estructura para el \u00e1rea Comercial y Administrativa.[\/vc_column_text][mk_image src=&#8221;https:\/\/www.schulzsa.com\/wp-content\/uploads\/2020\/07\/photo-2020-07-03-10-42-08.jpg&#8221; lightbox=&#8221;true&#8221;][vc_empty_space height=&#8221;50px&#8221; css=&#8221;.vc_custom_1547667654703{margin-top: 0px !important;margin-bottom: 0px !important;padding-top: 0px !important;padding-bottom: 0px !important;}&#8221;][\/vc_column][\/vc_row][vc_row el_class=&#8221;linha-do-tempo&#8221; css=&#8221;.vc_custom_1552409247700{margin-right: 0px !important;}&#8221;][vc_column css=&#8221;.vc_custom_1547664870098{margin-top: 0px !important;margin-right: 0px !important;margin-bottom: 0px !important;margin-left: 0px !important;padding-top: 0px !important;padding-right: 0px !important;padding-bottom: 0px !important;padding-left: 0px !important;}&#8221; el_class=&#8221;coluna-ano&#8221;][vc_empty_space height=&#8221;50px&#8221; css=&#8221;.vc_custom_1547667654703{margin-top: 0px !important;margin-bottom: 0px !important;padding-top: 0px !important;padding-bottom: 0px !important;}&#8221;][\/vc_column][\/vc_row]\n","protected":false},"excerpt":{"rendered":"<p>[mk_page_section attachment=&#8221;fixed&#8221; bg_position=&#8221;center center&#8221; bg_repeat=&#8221;no-repeat&#8221; bg_stretch=&#8221;true&#8221; video_color_mask=&#8221;#000000&#8243; video_opacity=&#8221;0.2&#8243; padding_top=&#8221;100&#8243; padding_bottom=&#8221;0&#8243; sidebar=&#8221;sidebar-1&#8243;][vc_column css=&#8221;.vc_custom_1542029116897{margin-top: 0px !important;margin-right: 0px !important;margin-bottom: 0px !important;margin-left: 0px !important;padding-top: 0px !important;padding-right: 20px !important;padding-bottom: 0px !important;padding-left: 20px !important;}&#8221;][vc_empty_space height=&#8221;50px&#8221;][vc_column_text disable_pattern=&#8221;false&#8221; el_class=&#8221;texto-branco&#8221; css=&#8221;.vc_custom_1588558248077{margin-bottom: 0px !important;}&#8221;] L\u00ednea del tiempo [\/vc_column_text][mk_divider style=&#8221;thin_solid&#8221; divider_width=&#8221;custom_width&#8221; custom_width=&#8221;180&#8243; align=&#8221;left&#8221; thin_single_color=&#8221;#ffcb04&#8243; thickness=&#8221;2&#8243; margin_top=&#8221;0&#8243; margin_bottom=&#8221;30&#8243;][vc_raw_html]JTVCYnJlYWRjcnVtYiU1RA==[\/vc_raw_html][vc_empty_space height=&#8221;35px&#8221;][\/vc_column][\/mk_page_section][vc_row el_class=&#8221;linha-do-tempo&#8221; css=&#8221;.vc_custom_1552409247700{margin-right: 0px !important;}&#8221;][vc_column css=&#8221;.vc_custom_1578582187392{margin-top: 0px !important;margin-right: 0px [&hellip;]<\/p>\n","protected":false},"author":7,"featured_media":0,"parent":3090,"menu_order":2,"comment_status":"closed","ping_status":"closed","template":"","meta":[],"_links":{"self":[{"href":"https:\/\/www.schulzsa.com\/es\/wp-json\/wp\/v2\/pages\/3655"}],"collection":[{"href":"https:\/\/www.schulzsa.com\/es\/wp-json\/wp\/v2\/pages"}],"about":[{"href":"https:\/\/www.schulzsa.com\/es\/wp-json\/wp\/v2\/types\/page"}],"author":[{"embeddable":true,"href":"https:\/\/www.schulzsa.com\/es\/wp-json\/wp\/v2\/users\/7"}],"replies":[{"embeddable":true,"href":"https:\/\/www.schulzsa.com\/es\/wp-json\/wp\/v2\/comments?post=3655"}],"version-history":[{"count":1,"href":"https:\/\/www.schulzsa.com\/es\/wp-json\/wp\/v2\/pages\/3655\/revisions"}],"predecessor-version":[{"id":3663,"href":"https:\/\/www.schulzsa.com\/es\/wp-json\/wp\/v2\/pages\/3655\/revisions\/3663"}],"up":[{"embeddable":true,"href":"https:\/\/www.schulzsa.com\/es\/wp-json\/wp\/v2\/pages\/3090"}],"wp:attachment":[{"href":"https:\/\/www.schulzsa.com\/es\/wp-json\/wp\/v2\/media?parent=3655"}],"curies":[{"name":"wp","href":"https:\/\/api.w.org\/{rel}","templated":true}]}}